{"id":41,"date":"2024-12-21T17:30:48","date_gmt":"2024-12-21T16:30:48","guid":{"rendered":"https:\/\/flandres-haches.fr\/?page_id=41"},"modified":"2025-10-24T11:08:30","modified_gmt":"2025-10-24T09:08:30","slug":"tarifs","status":"publish","type":"page","link":"https:\/\/flandres-haches.fr\/index.php\/tarifs\/","title":{"rendered":"Tarifs Activit\u00e9s"},"content":{"rendered":"<div id=\"pl-gb41-69f1e5d6cd10c\"  class=\"panel-layout\" ><div id=\"pg-gb41-69f1e5d6cd10c-0\"  class=\"panel-grid panel-no-style\" ><div id=\"pgc-gb41-69f1e5d6cd10c-0-0\"  class=\"panel-grid-cell\" ><div id=\"panel-gb41-69f1e5d6cd10c-0-0-0\" class=\"so-panel widget widget_media_image panel-first-child panel-last-child\" data-index=\"0\" ><img loading=\"lazy\" decoding=\"async\" width=\"724\" height=\"1024\" src=\"https:\/\/flandres-haches.fr\/wp-content\/uploads\/2024\/12\/Copie-de-Jaune-Dore-Classique-Borde-Boissons-Carte-Menu-2-724x1024.png\" class=\"image wp-image-63  attachment-large size-large\" alt=\"\" style=\"max-width: 100%; height: auto;\" srcset=\"https:\/\/flandres-haches.fr\/wp-content\/uploads\/2024\/12\/Copie-de-Jaune-Dore-Classique-Borde-Boissons-Carte-Menu-2-724x1024.png 724w, https:\/\/flandres-haches.fr\/wp-content\/uploads\/2024\/12\/Copie-de-Jaune-Dore-Classique-Borde-Boissons-Carte-Menu-2-212x300.png 212w, https:\/\/flandres-haches.fr\/wp-content\/uploads\/2024\/12\/Copie-de-Jaune-Dore-Classique-Borde-Boissons-Carte-Menu-2-768x1086.png 768w, https:\/\/flandres-haches.fr\/wp-content\/uploads\/2024\/12\/Copie-de-Jaune-Dore-Classique-Borde-Boissons-Carte-Menu-2-1086x1536.png 1086w, https:\/\/flandres-haches.fr\/wp-content\/uploads\/2024\/12\/Copie-de-Jaune-Dore-Classique-Borde-Boissons-Carte-Menu-2.png 1414w\" sizes=\"auto, (max-width: 724px) 100vw, 724px\" \/><\/div><\/div><div id=\"pgc-gb41-69f1e5d6cd10c-0-1\"  class=\"panel-grid-cell\" ><div id=\"panel-gb41-69f1e5d6cd10c-0-1-0\" class=\"so-panel widget widget_sow-editor panel-first-child panel-last-child\" data-index=\"1\" ><div\n\t\t\t\n\t\t\tclass=\"so-widget-sow-editor so-widget-sow-editor-base\"\n\t\t\t\n\t\t>\n<div class=\"siteorigin-widget-tinymce textwidget\">\n\t<p>&nbsp;<\/p>\n<p>Pour des raisons de s\u00e9curit\u00e9s :<\/p>\n<ul>\n<li>Les pulls \u00e0 capuches, \u00e9charpes etc.\u00a0 sont interdits<\/li>\n<li>Les enfants sont accept\u00e9s d\u00e8s 12 ans et 1m50<\/li>\n<li>Les chaussures ouvertes sont interdites<\/li>\n<\/ul>\n<\/div>\n<\/div><\/div><\/div><\/div><\/div>","protected":false},"excerpt":{"rendered":"<p>&nbsp; Pour des raisons de s\u00e9curit\u00e9s : Les pulls \u00e0 capuches, \u00e9charpes etc.\u00a0 sont interdits Les enfants sont accept\u00e9s d\u00e8s 12 ans et 1m50 Les chaussures ouvertes sont interdites<\/p>\n","protected":false},"author":1,"featured_media":0,"parent":0,"menu_order":0,"comment_status":"closed","ping_status":"closed","template":"","meta":{"footnotes":""},"class_list":["post-41","page","type-page","status-publish","hentry","entry"],"_links":{"self":[{"href":"https:\/\/flandres-haches.fr\/index.php\/wp-json\/wp\/v2\/pages\/41","targetHints":{"allow":["GET"]}}],"collection":[{"href":"https:\/\/flandres-haches.fr\/index.php\/wp-json\/wp\/v2\/pages"}],"about":[{"href":"https:\/\/flandres-haches.fr\/index.php\/wp-json\/wp\/v2\/types\/page"}],"author":[{"embeddable":true,"href":"https:\/\/flandres-haches.fr\/index.php\/wp-json\/wp\/v2\/users\/1"}],"replies":[{"embeddable":true,"href":"https:\/\/flandres-haches.fr\/index.php\/wp-json\/wp\/v2\/comments?post=41"}],"version-history":[{"count":9,"href":"https:\/\/flandres-haches.fr\/index.php\/wp-json\/wp\/v2\/pages\/41\/revisions"}],"predecessor-version":[{"id":160,"href":"https:\/\/flandres-haches.fr\/index.php\/wp-json\/wp\/v2\/pages\/41\/revisions\/160"}],"wp:attachment":[{"href":"https:\/\/flandres-haches.fr\/index.php\/wp-json\/wp\/v2\/media?parent=41"}],"curies":[{"name":"wp","href":"https:\/\/api.w.org\/{rel}","templated":true}]}}